{"id":2126,"date":"2025-02-17T10:03:09","date_gmt":"2025-02-17T15:03:09","guid":{"rendered":"https:\/\/asbtalents.com\/?page_id=2126"},"modified":"2025-12-16T10:18:31","modified_gmt":"2025-12-16T15:18:31","slug":"sur-vos-ecrans","status":"publish","type":"page","link":"https:\/\/asbtalents.com\/en\/sur-vos-ecrans\/","title":{"rendered":"Sur vos \u00e9crans"},"content":{"rendered":"<p>Sur cette page, retrouvez tous les projets actuellement diffus\u00e9s dans lesquels nos talents tiennent un 1er r\u00f4le.<\/p>","protected":false},"excerpt":{"rendered":"<p>Sur cette page, retrouvez tous les projets actuellement diffus\u00e9s dans lesquels nos talents tiennent un 1er r\u00f4le.<\/p>","protected":false},"author":1,"featured_media":0,"parent":0,"menu_order":0,"comment_status":"closed","ping_status":"closed","template":"","meta":{"_acf_changed":false,"footnotes":""},"class_list":["post-2126","page","type-page","status-publish","hentry"],"acf":[],"_links":{"self":[{"href":"https:\/\/asbtalents.com\/en\/wp-json\/wp\/v2\/pages\/2126","targetHints":{"allow":["GET"]}}],"collection":[{"href":"https:\/\/asbtalents.com\/en\/wp-json\/wp\/v2\/pages"}],"about":[{"href":"https:\/\/asbtalents.com\/en\/wp-json\/wp\/v2\/types\/page"}],"author":[{"embeddable":true,"href":"https:\/\/asbtalents.com\/en\/wp-json\/wp\/v2\/users\/1"}],"replies":[{"embeddable":true,"href":"https:\/\/asbtalents.com\/en\/wp-json\/wp\/v2\/comments?post=2126"}],"version-history":[{"count":71,"href":"https:\/\/asbtalents.com\/en\/wp-json\/wp\/v2\/pages\/2126\/revisions"}],"predecessor-version":[{"id":2707,"href":"https:\/\/asbtalents.com\/en\/wp-json\/wp\/v2\/pages\/2126\/revisions\/2707"}],"wp:attachment":[{"href":"https:\/\/asbtalents.com\/en\/wp-json\/wp\/v2\/media?parent=2126"}],"curies":[{"name":"wp","href":"https:\/\/api.w.org\/{rel}","templated":true}]}}